{"id":2770,"date":"2023-10-11T07:17:36","date_gmt":"2023-10-11T07:17:36","guid":{"rendered":"https:\/\/eoffice-events.de\/web-site\/?page_id=2770"},"modified":"2023-10-11T07:27:49","modified_gmt":"2023-10-11T07:27:49","slug":"impressum","status":"publish","type":"page","link":"https:\/\/eoffice-events.de\/web-site\/impressum\/","title":{"rendered":"Impressum"},"content":{"rendered":"\t\t<div data-elementor-type=\"wp-page\" data-elementor-id=\"2770\" class=\"elementor elementor-2770\">\n\t\t\t\t\t\t<section class=\"elementor-section elementor-top-section elementor-element elementor-element-c0cca95 elementor-section-boxed elementor-section-height-default elementor-section-height-default\" data-id=\"c0cca95\" data-element_type=\"section\" data-e-type=\"section\">\n\t\t\t\t\t\t<div class=\"elementor-container elementor-column-gap-default\">\n\t\t\t\t\t<div class=\"elementor-column elementor-col-100 elementor-top-column elementor-element elementor-element-24215a8\" data-id=\"24215a8\" data-element_type=\"column\" data-e-type=\"column\">\n\t\t\t<div class=\"elementor-widget-wrap elementor-element-populated\">\n\t\t\t\t\t\t<div class=\"elementor-element elementor-element-2d82f67 elementor-widget elementor-widget-text-editor\" data-id=\"2d82f67\" data-element_type=\"widget\" data-e-type=\"widget\" data-widget_type=\"text-editor.default\">\n\t\t\t\t<div class=\"elementor-widget-container\">\n\t\t\t\t\t\t\t\t\t<p><span style=\"color: #000000;\">Haus Weilgut GmbH Computer Conception<\/span><br \/><span style=\"color: #000000;\">Marie-Curie-Stra\u00dfe 6<\/span><br \/><span style=\"color: #000000;\"><strong>D-76275 Ettlingen<\/strong><\/span><\/p><p><span style=\"color: #000000;\">Tel.: +49 7243 5466-0<\/span><br \/><span style=\"color: #000000;\">Fax: +49 7243 5466-66\u00a0<\/span><br \/><br \/><span style=\"color: #000000;\">info@weilgut.de<\/span><br \/><br \/><span style=\"color: #000000;\">Gesch\u00e4ftsf\u00fchrer: Wolfgang Holler<\/span><br \/><span style=\"color: #000000;\">Amtsgericht Mannheim HRB-Nr. 361569<\/span><br \/><span style=\"color: #000000;\">USt-IdNr.: DE 143241995<\/span><br \/><span style=\"color: #000000;\">Steuer-Nr.: 31 19237451<\/span><\/p><p><span style=\"color: #000000;\"><b>Ansprechpartner f\u00fcr Inhalte:<\/b><\/span><\/p><p><span style=\"color: #000000;\">Wolfgang Holler, Gesch\u00e4ftsf\u00fchrer<\/span><br \/><br \/><span style=\"color: #ff0000;\"><a style=\"color: #ff0000;\" href=\"http:\/\/eoffice-events.de\/web-site\/wp-content\/uploads\/sites\/12\/2023\/10\/Allgemeine-Geschaftsbedingungen.pdf\" target=\"_blank\" rel=\"noopener\">Allgemeine Gesch\u00e4ftsbedingungen<\/a><\/span><\/p><p><span style=\"color: #000000;\">Links auf die Internet-Seiten von Dritten sind nicht unter der Kontrolle von Haus Weilgut GmbH Computer Conception, und Haus Weilgut GmbH\u00a0Computer Conception ist f\u00fcr deren Inhalt nicht verantwortlich. Diese Links sind nur als Unterst\u00fctzung f\u00fcr den Betrachter gedacht. Haus Weilgut GmbH\u00a0<\/span><br \/><span style=\"color: #000000;\">Computer Conception m\u00f6chte nicht den Eindruck erwecken, der Inhalt dieser Seiten sei Teil der Haus Weilgut GmbH Computer Conception-Internetpr\u00e4senz.<\/span><\/p><p><span style=\"color: #000000;\">Alle Dokumente, Software und Beschreibungen, welche zum Download von diesem Server zur Verf\u00fcgung gestellt werden, unterliegen dem Urheberrecht\u00a0<\/span><br \/><span style=\"color: #000000;\">von Haus Weilgut GmbH Computer Conception. F\u00fcr deren Richtigkeit, Funktionalit\u00e4t und Aktualit\u00e4t wird keine Haftung \u00fcbernommen. Jegliche Haftung f\u00fcr direkte oder indirekte Sch\u00e4den durch die Verwendung sind ausgeschlossen. Dies schlie\u00dft auch Datenverlust und entgangenen Gewinn mit ein.<\/span><\/p><p><span style=\"color: #000000;\">Lotus Notes ist ein eingetragenes Warenzeichen der IBM; Mind Map, Mind Maps und Mind Mapping sind eingetragene Warenzeichen. Im Text haben wir aus Gr\u00fcnden der Lesbarkeit auf die Kennzeichnung der Marke verzichtet.<\/span><\/p><p><span style=\"color: #000000;\"><b>Haftungshinweis<\/b><\/span><br \/><span style=\"color: #000000;\">Trotz sorgf\u00e4ltiger inhaltlicher Kontrolle \u00fcbernehmen wir keine Haftung f\u00fcr die Inhalte externer Links. F\u00fcr den Inhalt der verlinkten Seiten sind ausschlie\u00dflich deren Betreiber verantwortlich.<\/span><br \/><br \/><span style=\"color: #000000;\"><b>Keine Abmahnung ohne vorherigen Kontakt<\/b><\/span><br \/><span style=\"color: #000000;\">Sollten Inhalt oder Aufmachung dieser Website Rechte Dritter oder gesetzliche Bestimmungen verletzen, bitten wir um Benachrichtigung ohne Ausstellung einer Kostennote. Zu Recht beanstandete Passagen werden unverz\u00fcglich entfernt, so dass die Einschaltung eines Rechtsbeistandes nicht erforderlich ist. Dennoch von Ihnen ohne vorherige Kontaktaufnahme ausgel\u00f6ste Kosten werden wir vollumf\u00e4nglich zur\u00fcckweisen und unter Umst\u00e4nden Gegenklage wegen Verletzung der vorgenannten Bestimmungen einreichen.<\/span><br \/><br \/><span style=\"color: #000000;\"><b>Nutzungsbedingungen<\/b><\/span><br \/><span style=\"color: #000000;\">Der Zugang zu und die Nutzung dieses Informationsportals unterliegen den folgenden Bestimmungen. Falls Sie mit diesen nicht einverstanden sind, benutzen Sie die Website bitte nicht.<\/span><br \/><br \/><span style=\"color: #000000;\"><b>Nutzungs-\u00dcberlassung<\/b><\/span><br \/><span style=\"color: #000000;\">S\u00e4mtliche auf dieser Website ver\u00f6ffentlichten Texte, Dokumente und Darstellungen werden zur pers\u00f6nlichen Information zur Verf\u00fcgung gestellt. Eine \u00dcbernahme oder ein Abdruck der Inhalte in anderen Informationsangeboten, Datenbanken und elektronischen oder gedruckten Medien ist ohne schriftliche Zustimmung des Herausgebers untersagt. Ausgenommen davon sind nur Inhalte, die ausdr\u00fccklich zu diesem Zweck bereitgestellt werden, insbesondere Pressetexte und -bilder.<\/span><br \/><br \/><span style=\"color: #000000;\"><b>Haftungsbeschr\u00e4nkung<\/b><\/span><br \/><span style=\"color: #000000;\">Die Informationen, die Sie auf dieser Website vorfinden, wurden aus internen und externen Quellen nach bestem Wissen und Gewissen mit professioneller Sorgfalt zusammengestellt. Der Herausgeber und die Redaktion sind bem\u00fcht, dieses Informationsangebot stetig zu erweitern und zu aktualisieren. Es wird jedoch keine Garantie &#8211; weder ausdr\u00fccklich noch stillschweigend &#8211; f\u00fcr die Vollst\u00e4ndigkeit, Richtigkeit oder Aktualit\u00e4t der Informationen auf dieser Website \u00fcbernommen.<\/span><br \/><br \/><span style=\"color: #000000;\"><b>Websites dritter Anbieter \/ Links<\/b><\/span><br \/><span style=\"color: #000000;\">Diese Website enth\u00e4lt auch Links oder Verweise auf Websites Dritter. Diese Links zu den Websites Dritter stellen keine Zustimmung zu deren Inhalten durch den Herausgeber dar. Es wird keine Verantwortung f\u00fcr die Verf\u00fcgbarkeit oder den Inhalt solcher Websites \u00fcbernommen und keine Haftung f\u00fcr Sch\u00e4den oder Verletzungen, die aus der Nutzung &#8211; gleich welcher Art &#8211; solcher Inhalte entstehen. Links zu anderen Websites werden den Nutzern dieser Website lediglich als Annehmlichkeit zur Verf\u00fcgung gestellt. Das Herstellen einer Verbindung zu diesen Websites geschieht auf eigene Gefahr des Benutzers.<\/span><br \/><br \/><span style=\"color: #000000;\"><b>Marken<\/b><\/span><br \/><span style=\"color: #000000;\">In den Texten und Datenbanken auf dieser Website sind m\u00f6glicherweise gesch\u00fctzte Markennamen Dritter enthalten. Die nicht autorisierte Nutzung oder Ver\u00e4nderung und der Missbrauch dieser Marken oder sonstiger Materialien ist untersagt und stellt eine Verletzung von Schutzrechten dar.<\/span><br \/><br \/><span style=\"color: #000000;\"><b>Anwendbares Recht<\/b><\/span><br \/><span style=\"color: #000000;\">Jegliche in Verbindung mit der Website oder deren Benutzung auftretenden Rechtsanspr\u00fcche oder Prozesse unterliegen der Auslegung der Gesetze der Bundesrepublik Deutschland unter Ausschluss des UN-Kaufrechts. Gerichtsstand ist, wenn der Nutzer Kaufmann im Sinne des Handelsgesetzbuches ist, Ettlingen.<\/span><\/p><p><span style=\"color: #000000;\"><b>Google Analytics<br \/><\/b>Diese Website benutzt Google Analytics, einen Webanalysedienst der Google Inc. (\u201eGoogle\u201c). Google Analytics verwendet sog. \u201eCookies\u201c, Textdateien, die auf Ihrem Computer gespeichert werden und die eine Analyse der Benutzung der Webseite durch Sie erm\u00f6glichen. Die durch den Cookie erzeugten Informationen \u00fcber Ihre Benutzung der Webseite werden in der Regel an einen Server von Google in den USA \u00fcbertragen und dort gespeichert. Die im Rahmen von Google Analytics von Ihrem Browser \u00fcbermittelte IP-Adresse wird nicht mit anderen Daten von Google zusammengef\u00fchrt.<\/span><\/p><p><span style=\"color: #000000;\">Wir haben zudem auf dieser Webseite Google Analytics um den Code \u201eanonymizeIP\u201c erweitert. Dies garantiert die Maskierung Ihrer IP-Adresse, sodass alle Daten anonym erhoben werden. Nur in Ausnahmef\u00e4llen wird die volle IP-Adresse an einen Server von Google in den USA \u00fcbertragen und dort gek\u00fcrzt. Im Auftrag des Betreibers dieser Website wird Google diese Informationen benutzen, um Ihre Nutzung der Website auszuwerten, um Reports \u00fcber die Websiteaktivit\u00e4ten zusammenzustellen und um weitere mit der Websitenutzung und der Internetnutzung verbundene Dienstleistungen gegen\u00fcber dem Websitebetreiber zu erbringen.\u00a0<\/span><\/p><p><span style=\"color: #000000;\">Sie k\u00f6nnen die Speicherung der Cookies durch eine entsprechende Einstellung Ihrer Browser-Software verhindern; wir weisen Sie jedoch darauf hin, dass Sie in diesem Fall gegebenenfalls nicht s\u00e4mtliche Funktionen dieser Website vollumf\u00e4nglich werden nutzen k\u00f6nnen. Sie k\u00f6nnen dar\u00fcber hinaus die Erfassung der durch das Cookie erzeugten und auf Ihre Nutzung der Website bezogenen Daten (inkl. Ihrer IP-Adresse) an Google sowie die Verarbeitung dieser Daten durch Google verhindern, indem Sie das unter dem folgenden Link <span style=\"color: #ff0000;\">(<a style=\"color: #ff0000;\" href=\"http:\/\/tools.google.com\/dlpage\/gaoptout?hl=de\">Google Browser-Plugin<\/a>)<\/span> verf\u00fcgbare Browser-Plugin herunterladen und installieren.<\/span><\/p><p><span style=\"color: #000000;\">Sie k\u00f6nnen die Erfassung durch Google Analytics ebenfalls verhindern, indem Sie auf folgenden Link klicken. Es wird ein Opt-Out-Cookie gesetzt, das die zuk\u00fcnftige Erfassung Ihrer Daten beim Besuch dieser Website verhindert:\u00a0<a style=\"color: #000000;\">Google Analytics deaktivieren<\/a>\u00a0<\/span><\/p><p><span style=\"color: #000000;\">N\u00e4here Informationen zu Nutzungsbedingungen und Datenschutz finden Sie unter\u00a0<a style=\"color: #000000;\" href=\"http:\/\/www.google.com\/analytics\/terms\/de.html\"><span style=\"color: #ff0000;\">Google Analytics Terms<\/span><\/a>\u00a0bzw. unter\u00a0<span style=\"color: #ff0000;\"><a style=\"color: #ff0000;\" href=\"https:\/\/www.google.de\/intl\/de\/policies\/\">Google Policies<\/a>.<\/span><\/span><\/p>\t\t\t\t\t\t\t\t<\/div>\n\t\t\t\t<\/div>\n\t\t\t\t\t<\/div>\n\t\t<\/div>\n\t\t\t\t\t<\/div>\n\t\t<\/section>\n\t\t\t\t<\/div>\n\t\t","protected":false},"excerpt":{"rendered":"<p>Haus Weilgut GmbH Computer Conception Marie-Curie-Stra\u00dfe 6 D-76275 Ettlingen Tel.: +49 7243 5466-0 Fax: +49 7243 5466-66 info@weilgut.de Gesch\u00e4ftsf\u00fchrer: Wolfgang Holler Amtsgericht Mannheim HRB-Nr. 361569 USt-IdNr.: DE 143241995 Steuer-Nr.: 31 19237451 Ansprechpartner f\u00fcr Inhalte: Wolfgang Holler, Gesch\u00e4ftsf\u00fchrer Allgemeine Gesch\u00e4ftsbedingungen Links auf die Internet-Seiten von Dritten sind nicht unter der Kontrolle [&hellip;]<\/p>\n","protected":false},"author":4,"featured_media":0,"parent":0,"menu_order":0,"comment_status":"closed","ping_status":"closed","template":"","meta":{"footnotes":""},"class_list":["post-2770","page","type-page","status-publish","hentry"],"_links":{"self":[{"href":"https:\/\/eoffice-events.de\/web-site\/wp-json\/wp\/v2\/pages\/2770","targetHints":{"allow":["GET"]}}],"collection":[{"href":"https:\/\/eoffice-events.de\/web-site\/wp-json\/wp\/v2\/pages"}],"about":[{"href":"https:\/\/eoffice-events.de\/web-site\/wp-json\/wp\/v2\/types\/page"}],"author":[{"embeddable":true,"href":"https:\/\/eoffice-events.de\/web-site\/wp-json\/wp\/v2\/users\/4"}],"replies":[{"embeddable":true,"href":"https:\/\/eoffice-events.de\/web-site\/wp-json\/wp\/v2\/comments?post=2770"}],"version-history":[{"count":5,"href":"https:\/\/eoffice-events.de\/web-site\/wp-json\/wp\/v2\/pages\/2770\/revisions"}],"predecessor-version":[{"id":2778,"href":"https:\/\/eoffice-events.de\/web-site\/wp-json\/wp\/v2\/pages\/2770\/revisions\/2778"}],"wp:attachment":[{"href":"https:\/\/eoffice-events.de\/web-site\/wp-json\/wp\/v2\/media?parent=2770"}],"curies":[{"name":"wp","href":"https:\/\/api.w.org\/{rel}","templated":true}]}}